{"id":32,"date":"2007-06-02T06:16:42","date_gmt":"2007-06-02T11:16:42","guid":{"rendered":"http:\/\/www.geopolitik.org\/?page_id=32"},"modified":"2024-01-14T11:26:40","modified_gmt":"2024-01-14T11:26:40","slug":"about-2","status":"publish","type":"page","link":"https:\/\/geopolitik.org\/?page_id=32","title":{"rendered":"Mengenai Situs Ini"},"content":{"rendered":"<p>&#8220;Le terme de g\u00e9opolitique\u2026 d\u00e9signe en fait tout ce qui concerne les rivalit\u00e9s de pouvoirs ou d&#8217;influences sur des territoires et les populations qui y vivent.&#8221;<br \/>\n&#8211; <a href=\"http:\/\/www.geopolitique.net\">Yves LACOSTE<\/a>, <em><a href=\"http:\/\/www.amazon.fr\/G%C3%A9opolitique-histoire-daujourdhui-Yves-Lacoste\/dp\/2035054214\/sr=8-1\/qid=1169482198\/ref=pd_ka_1\/402-5561239-5980150?ie=UTF8&amp;s=books\">G\u00e9opolitique: La longue histoire d&#8217;aujourd&#8217;hui<\/a><\/em>.<\/p>\n<p>The term of geopolitics\u2026 designate in fact all that concerns the rivalries of power and of influence on the territories and the populations living there.<\/p>\n<p><strong>Mengenai Situs Ini<\/strong><br \/>\nSitus ini tidak ditujukan untuk menjawab persoalan-persoalan politik (ataupun geopolitik) Indonesia. Ia dihadirkan di Internet sebagai alat pembelajaran bersama dalam menganalisa pertarungan antar kekuasaan dan antar pengaruh di atas wilayah-wilayah dan penduduk-penduduknya.<\/p>\n<p>Di dalam situs ini, ditinggalkan sudah jauh-jauh teori-teori geopolitik pra abad duapuluh (<a href=\"http:\/\/en.wikipedia.org\/wiki\/Friedrich_Ratzel\">Friedrich Ratzel<\/a>, <a href=\"http:\/\/en.wikipedia.org\/wiki\/Rudolf_Kjell%C3%A9n\">Rudolf Kjell\u00e9n<\/a>, <a href=\"http:\/\/en.wikipedia.org\/wiki\/Halford_John_Mackinder\">Halford McKinder<\/a>, <a href=\"http:\/\/en.wikipedia.org\/wiki\/Alfred_Thayer_Mahan\">Alfred Mahan<\/a>) yang ternyata justru membawa petaka tiga perang dunia (dua terbuka dan satu tersembunyi dalam istilah perang dingin). Situs ini mencoba membongkar secara kritis warisan-warisan teoritik tersebut, yang hingga sekarang masih menghinggapi wacana geopolitik arus utama di Indonesia. Ia akan berbicara banyak mengenai bangunan nasionalisme, pewacanaan sebuah konflik, wahana politik dalam hubungan internasional sampai politik lokal, dan seterusnya.<\/p>\n<p>Oleh sebab itu, situs ini diharapkan menjadi kontekstual dalam pertarungan wacana di Indonesia. Di negeri ini, wacana geopolitik melulu diwujudkan dalam bentuk &#8220;Wawasan Nusantara&#8221;, &#8220;Negara Kesatuan Republik Indonesia&#8221;, dan seterusnya yang terus-menerus berhubungan dengan persoalan nasionalisme. Tak banyak yang menyadari, hal-hal yang demikian justru melupakan pemahaman yang baik atas <em>notion<\/em> masyarakat, kehendak dan pandangan berbagai elemen di dalamnya. Akhirnya, nasionalisme menjadi sesuatu yang mistis, jatuh dari langit dan terlupakan bahwa dirinya hanyalah sebuah alat pertarungan antar kekuasaan untuk memperebutkan wilayah dan pengaruh atas masyarakatnya.<\/p>\n<p>Situs ini sebenarnya terbagi atas empat kategori. Pertama, artikel-artikel pendapat saya sehubungan dengan geopolitik atau dunia politik (<a href=\"http:\/\/www.geopolitik.org\/?cat=3\">Opinion<\/a>). Kedua, artikel-artikel yang ditulis sebagai alat memahami teori atau metode dalam geopolitik (<a href=\"http:\/\/www.geopolitik.org\/?cat=44\">Etudes<\/a>). Ia dapat berupa terjemahan, saduran ataupun rangkuman. Ketiga, artikel-artikel yang saya tulis sebagai tugas kuliah Sciences-Po Toulouse ataupun aplikasi dari kategori kedua (<a href=\"http:\/\/www.geopolitik.org\/?cat=23\">Travaux-Etudes<\/a>). Kategori terakhir, adalah artikel-artikel resensi buku (<a href=\"http:\/\/www.geopolitik.org\/?cat=10\">Livres<\/a>). Selain itu, pada <em>sidebar<\/em> terdapat sebuah kategori yang merekomendasikan <em>link-link<\/em> pada artikel-artikel yang terkait dengan geopolitik (<a href=\"http:\/\/www.geopolitik.org\/?cat=1\">News-flash<\/a>).<\/p>\n<p><strong>Mengenai Penulis<\/strong><br \/>\nSaya bernama Roysepta Abimanyu. Sehari-hari nongkrong sambil bantu-bantu bersih-bersih dan cuci-piring. Krisis ekonomi 1997 yang dilanjutkan dengan turunnya Soeharto pada Mei 1998 membuat dunia politik menjadi sesuatu yang saya minati untuk dipelajari dan dibahas serius. Pada tahun 2004-2006 saya mempelajari geopolitik dan hubungan internasional di Institut Fran\u00e7ais de G\u00e9opolitique &#8211; Universit\u00e9 Paris VIII dan Institut d&#8217;Etudes Politiques (Sciences-Po) Toulouse. Periode 2012-2014, iseng-iseng berhadiah belajar filsafat di STF Driyarkara, tapi ya ternyata tak bisa luangkan waktu untuk sampe tuntas. Malang melintang di X dengan akun @rabimanyu2021.<\/p>\n","protected":false},"excerpt":{"rendered":"<p>&#8220;Le terme de g\u00e9opolitique\u2026 d\u00e9signe en fait tout ce qui concerne les rivalit\u00e9s de pouvoirs ou d&#8217;influences sur des territoires et les populations qui y vivent.&#8221; &#8211; Yves LACOSTE, G\u00e9opolitique: La longue histoire d&#8217;aujourd&#8217;hui. The term of geopolitics\u2026 designate in fact all that concerns the rivalries of power and of influence on the territories and [&hellip;]<\/p>\n","protected":false},"author":2,"featured_media":0,"parent":0,"menu_order":0,"comment_status":"open","ping_status":"closed","template":"","meta":{"advanced_seo_description":"","jetpack_seo_html_title":"","jetpack_seo_noindex":false,"footnotes":""},"class_list":["post-32","page","type-page","status-publish","hentry"],"jetpack_sharing_enabled":true,"_links":{"self":[{"href":"https:\/\/geopolitik.org\/index.php?rest_route=\/wp\/v2\/pages\/32","targetHints":{"allow":["GET"]}}],"collection":[{"href":"https:\/\/geopolitik.org\/index.php?rest_route=\/wp\/v2\/pages"}],"about":[{"href":"https:\/\/geopolitik.org\/index.php?rest_route=\/wp\/v2\/types\/page"}],"author":[{"embeddable":true,"href":"https:\/\/geopolitik.org\/index.php?rest_route=\/wp\/v2\/users\/2"}],"replies":[{"embeddable":true,"href":"https:\/\/geopolitik.org\/index.php?rest_route=%2Fwp%2Fv2%2Fcomments&post=32"}],"version-history":[{"count":2,"href":"https:\/\/geopolitik.org\/index.php?rest_route=\/wp\/v2\/pages\/32\/revisions"}],"predecessor-version":[{"id":1059,"href":"https:\/\/geopolitik.org\/index.php?rest_route=\/wp\/v2\/pages\/32\/revisions\/1059"}],"wp:attachment":[{"href":"https:\/\/geopolitik.org\/index.php?rest_route=%2Fwp%2Fv2%2Fmedia&parent=32"}],"curies":[{"name":"wp","href":"https:\/\/api.w.org\/{rel}","templated":true}]}}